{"id":121,"date":"2017-01-30T19:17:09","date_gmt":"2017-01-30T18:17:09","guid":{"rendered":"http:\/\/shop.bewandert.eu\/?post_type=product&#038;p=121"},"modified":"2020-01-20T21:43:01","modified_gmt":"2020-01-20T20:43:01","slug":"slowakei-quer-durch-die-kleinen-karpaten","status":"publish","type":"product","link":"https:\/\/shop.bewandert.eu\/?product=slowakei-quer-durch-die-kleinen-karpaten","title":{"rendered":"Slowakei: Quer durch die Kleinen Karpaten"},"content":{"rendered":"<table>\n<tbody>\n<tr>\n<td style=\"width: 684px; border-color: #ffffff;\">\n<h1>Quer durch die Kleinen Karpaten<\/h1>\n<h2>Ein Schloss, zwei Burgen und der h\u00f6chste Gipfel<\/h2>\n<p><em>Wer Burgen und Schl\u00f6sser mag, wer sich f\u00fcr Geschichten \u00fcber Aufst\u00e4nde gegen Habsburg, turksprachige Grenzw\u00e4chter und keltische Siedlungen interessiert, der kommt hier auf seine vollen Kosten. Naturliebhaber werden begeistert sein von dem Naturreservat Zaruby, wo uralte Eschen zwischen bemoosten Kalkfelsen wachsen. Auf dieser Tour durchqueren Sie die Kleinen Karpaten und \u201ebezwingen\u201c dabei den h\u00f6chsten Gipfel mit 768 Metern.<\/em><\/p>\n<p>Die Kleinen Karpaten sind ein rund 80 Kilometer lange Mittelgebirgskette und ein gleichnamiges Landschaftsschutzgebiet, das sich von Bratislava und bis zu der Stadt Nov\u00e9 Mesto nad V\u00e1hom erstreck.<\/p>\n<p>Streckenverlauf: Smolenice &#8211; \u010certov \u017e\u013eab \u2013 Z\u00e1ruby &#8211; Ostr\u00fd kame\u0148 &#8211; Brezinky r\u00e1zc. &#8211; Amonova l\u00faka \u2013 Sedlo B\u00e1borsk\u00e1 &#8211; Plaveck\u00fd hrad &#8211; Plaveck\u00e9 Podhradie<\/p>\n<p>Startpunkt der Tour ist die Kleinstadt Smolenice, die am \u00f6stlichen Rand der Kleinen Karpaten liegt &#8230;<\/p>\n<p>&nbsp;<\/td>\n<td style=\"width: 304px; border-color: #ffffff; background-color: #e8d7c4;\">&nbsp;<\/p>\n<p><em><strong><img decoding=\"async\" loading=\"lazy\" class=\"aligncenter size-full wp-image-122\" src=\"http:\/\/shop.bewandert.eu\/wp-content\/uploads\/2017\/01\/Seitenleiste-Kleine-Karpaten-IV.jpg\" alt=\"\" width=\"215\" height=\"521\" srcset=\"https:\/\/shop.bewandert.eu\/wp-content\/uploads\/2017\/01\/Seitenleiste-Kleine-Karpaten-IV.jpg 215w, https:\/\/shop.bewandert.eu\/wp-content\/uploads\/2017\/01\/Seitenleiste-Kleine-Karpaten-IV-124x300.jpg 124w\" sizes=\"(max-width: 215px) 100vw, 215px\" \/><\/strong><\/em><\/td>\n<\/tr>\n<\/tbody>\n<\/table>\n","protected":false},"excerpt":{"rendered":"<h2>1 Tag<\/h2>\n<h2>Quer durch die Kleinen Karpaten<\/h2>\n<h3>Ein Schloss, zwei Burgen und der h\u00f6chste Gipfel.<\/h3>\n<h2><\/h2>\n<h2><\/h2>\n<p>Jeder unserer Mikrowanderf\u00fchrer enth\u00e4lt eine pr\u00e4zise Wegbeschreibung, N\u00fctzliches von A bis Z, GPS-Daten, ein Kartenausschnitt und jede Menge Geschichten, die wir l\u00e4ngs des Weges finden.<\/p>\n[gallery columns=\"4\" link=\"file\" ids=\"123,126,125,128\"]\n","protected":false},"featured_media":123,"comment_status":"closed","ping_status":"closed","template":"","meta":{"_monsterinsights_skip_tracking":false,"_monsterinsights_sitenote_active":false,"_monsterinsights_sitenote_note":"","_monsterinsights_sitenote_category":0},"product_cat":[25],"product_tag":[],"_links":{"self":[{"href":"https:\/\/shop.bewandert.eu\/index.php?rest_route=\/wp\/v2\/product\/121"}],"collection":[{"href":"https:\/\/shop.bewandert.eu\/index.php?rest_route=\/wp\/v2\/product"}],"about":[{"href":"https:\/\/shop.bewandert.eu\/index.php?rest_route=\/wp\/v2\/types\/product"}],"replies":[{"embeddable":true,"href":"https:\/\/shop.bewandert.eu\/index.php?rest_route=%2Fwp%2Fv2%2Fcomments&post=121"}],"wp:featuredmedia":[{"embeddable":true,"href":"https:\/\/shop.bewandert.eu\/index.php?rest_route=\/wp\/v2\/media\/123"}],"wp:attachment":[{"href":"https:\/\/shop.bewandert.eu\/index.php?rest_route=%2Fwp%2Fv2%2Fmedia&parent=121"}],"wp:term":[{"taxonomy":"product_cat","embeddable":true,"href":"https:\/\/shop.bewandert.eu\/index.php?rest_route=%2Fwp%2Fv2%2Fproduct_cat&post=121"},{"taxonomy":"product_tag","embeddable":true,"href":"https:\/\/shop.bewandert.eu\/index.php?rest_route=%2Fwp%2Fv2%2Fproduct_tag&post=121"}],"curies":[{"name":"wp","href":"https:\/\/api.w.org\/{rel}","templated":true}]}}