{"id":208,"date":"2018-10-14T21:22:32","date_gmt":"2018-10-14T19:22:32","guid":{"rendered":"http:\/\/shop.bewandert.eu\/?product=slowakei-tanz-auf-dem-vulkan"},"modified":"2020-01-20T21:42:14","modified_gmt":"2020-01-20T20:42:14","slug":"slowakei-tanz-auf-dem-vulkan","status":"publish","type":"product","link":"https:\/\/shop.bewandert.eu\/?product=slowakei-tanz-auf-dem-vulkan","title":{"rendered":"Slowakei: Tanz auf dem Vulkan"},"content":{"rendered":"<table>\n<tbody>\n<tr>\n<td style=\"width: 684px; border-color: #ffffff;\">\n<h1>Tanz auf dem Vulkan<\/h1>\n<h2>3t\u00e4gige Biwak Tour durch das Polana-Gebirge<\/h2>\n<p>&nbsp;<\/p>\n<p><em>Text: J\u00f6rn Kaufhold, Fotos: J\u00f6rn Kaufhold<\/em><\/p>\n<p><em>Polana geh\u00f6rt zu den gr\u00f6\u00dften Vulkanen in Europa, der zugebenerma\u00dfen schon seit mehr als 13 Millionen Jahren erloschen ist. Ein verschlungener roter markierter Wanderweg f\u00fchrt \u00fcber den \u00f6stlichen Kraterrand mit herrlichen Aussichten auf den bewaldeten Kratergrund. Das gleichnamige Landschaftsschutzgebiet gilt dazu als Heimat der dichtesten B\u00e4renpopulation innerhalb der Slowakei. Mehr als genug Gr\u00fcnde f\u00fcr drei Tage durch das Polana-Gebirge zu streifen.<\/em><\/p>\n<p>Am ersten Tag f\u00fchrt Sie der Weg von Detva hinauf bis zum 1.458 Meter hohen Gipfel &#8211; der ebenfalls Polana hei\u00dft &#8211; und durch flechtenbehangene Nadelw\u00e4lder im Naturreservat Zadne Polana. W\u00e4hrend des zweiten Tages wandern Sie durch das Naturreservat Veporsk\u00e9 skalky und durch den Urwald von Lubietovsky\u00fd Vepor. Der dritte Tag bietet einen langen wiesenbestandenen Kamm mit weiten Aussichten auf die\u00a0umgebenen W\u00e4lder ohne menschliche Bauten &#8230;<\/p>\n<p>&nbsp;<\/p>\n<p>&nbsp;<\/p>\n<p>&nbsp;<\/p>\n<p>&nbsp;<\/p>\n<p>&nbsp;<\/td>\n<td style=\"width: 304px; border-color: #ffffff; background-color: #e8d7c4;\"><img decoding=\"async\" loading=\"lazy\" class=\"aligncenter wp-image-215 \" src=\"http:\/\/shop.bewandert.eu\/wp-content\/uploads\/2018\/10\/Polana_Seiteleiste.jpg\" alt=\"\" width=\"252\" height=\"622\" srcset=\"https:\/\/shop.bewandert.eu\/wp-content\/uploads\/2018\/10\/Polana_Seiteleiste.jpg 321w, https:\/\/shop.bewandert.eu\/wp-content\/uploads\/2018\/10\/Polana_Seiteleiste-122x300.jpg 122w\" sizes=\"(max-width: 252px) 100vw, 252px\" \/><\/td>\n<\/tr>\n<\/tbody>\n<\/table>\n","protected":false},"excerpt":{"rendered":"<h2>3 Tage<\/h2>\n<h2>Tanz auf dem Vulkan<\/h2>\n<h3>3t\u00e4gige Biwak Tour durch das Polana-Gebirge<\/h3>\n<p>Jeder unserer Mikrowanderf\u00fchrer enth\u00e4lt eine pr\u00e4zise Wegbeschreibung, N\u00fctzliches von A bis Z, GPS-Daten, ein Kartenausschnitt und jede Menge Geschichten, die wir l\u00e4ngs des Weges finden.<\/p>\n[gallery columns=\"5\" link=\"file\" ids=\"213,211,210,212,214\"]\n","protected":false},"featured_media":213,"comment_status":"closed","ping_status":"closed","template":"","meta":{"_monsterinsights_skip_tracking":false,"_monsterinsights_sitenote_active":false,"_monsterinsights_sitenote_note":"","_monsterinsights_sitenote_category":0},"product_cat":[25],"product_tag":[],"_links":{"self":[{"href":"https:\/\/shop.bewandert.eu\/index.php?rest_route=\/wp\/v2\/product\/208"}],"collection":[{"href":"https:\/\/shop.bewandert.eu\/index.php?rest_route=\/wp\/v2\/product"}],"about":[{"href":"https:\/\/shop.bewandert.eu\/index.php?rest_route=\/wp\/v2\/types\/product"}],"replies":[{"embeddable":true,"href":"https:\/\/shop.bewandert.eu\/index.php?rest_route=%2Fwp%2Fv2%2Fcomments&post=208"}],"wp:featuredmedia":[{"embeddable":true,"href":"https:\/\/shop.bewandert.eu\/index.php?rest_route=\/wp\/v2\/media\/213"}],"wp:attachment":[{"href":"https:\/\/shop.bewandert.eu\/index.php?rest_route=%2Fwp%2Fv2%2Fmedia&parent=208"}],"wp:term":[{"taxonomy":"product_cat","embeddable":true,"href":"https:\/\/shop.bewandert.eu\/index.php?rest_route=%2Fwp%2Fv2%2Fproduct_cat&post=208"},{"taxonomy":"product_tag","embeddable":true,"href":"https:\/\/shop.bewandert.eu\/index.php?rest_route=%2Fwp%2Fv2%2Fproduct_tag&post=208"}],"curies":[{"name":"wp","href":"https:\/\/api.w.org\/{rel}","templated":true}]}}