{"id":47,"date":"2017-01-29T09:50:14","date_gmt":"2017-01-29T08:50:14","guid":{"rendered":"http:\/\/shop.bewandert.eu\/?post_type=product&#038;p=47"},"modified":"2020-01-20T21:44:21","modified_gmt":"2020-01-20T20:44:21","slug":"sandberg","status":"publish","type":"product","link":"https:\/\/shop.bewandert.eu\/?product=sandberg","title":{"rendered":"Slowakei: Der Sandberg &#8211; wo die Karpaten beginnen"},"content":{"rendered":"<table>\n<tbody>\n<tr>\n<td style=\"width: 684px; border-color: #ffffff;\">\n<h1>Der Sandberg<\/h1>\n<h2>Wo die Karpaten beginnen<\/h2>\n<p><em>Stadtgebiete sind nicht gerade ber\u00fchmt f\u00fcr sch\u00f6ne Wandertouren, aber bekanntlich best\u00e4tigen Ausnahmen ja die Regel, denn der am Rande von Bratislava gelegene Sandberg birst vor biologischer Vielfalt, spannenden geschichtlichen Bez\u00fcgen und herrlichen Aussichten. Und das Ganze auf einer nur 10,5 Km langen Tour.<\/em><\/p>\n<p>Die Tour beginnt und endet bei der Burgruine Dev\u00edn, die auf einem Felsen \u00fcber dem Zusammenfluss von Donau und March (Morava) thront. Gehen Sie einmal runter zum Wasser. Es gut m\u00f6glich, dass sie auf der anderen Uferseite der March Kormorane sehen, die mit gestreckten Fl\u00fcgeln in der Sonne ihr Gefieder trocken lassen. Wenn Sie sich umdrehen und die zerkl\u00fcftete Felswand hinter Ihnen langsam nach Bewegung absuchen, dann werden Sie im Fr\u00fchling eine der vielen Falken wahrnehmen, die dort br\u00fcten oder sie sehen die ziegelroten Fl\u00fcgeldecken eines Mauerl\u00e4ufers, der beidbeinig h\u00fcpfend in der nahezu senkrechten Wand nach Nahrung sucht. Oft werden Sie am Fu\u00dfe der Felswand Ornithologen mit ihren Spektiven und verz\u00fcckten Gesichtsausdr\u00fccken finden, denn so einfach werden Sie kaum woanders Mauerl\u00e4ufer beobachten &#8230;<\/p>\n<p>Tour gratis herunterladen.<\/p>\n<p>&nbsp;<\/p>\n<p>&nbsp;<\/p>\n<p>&nbsp;<\/td>\n<td style=\"width: 304px; border-color: #ffffff; background-color: #e8d7c4;\"><img decoding=\"async\" loading=\"lazy\" class=\"aligncenter size-full wp-image-30\" src=\"http:\/\/shop.bewandert.eu\/wp-content\/uploads\/2017\/01\/\u00dcbersicht.jpg\" alt=\"\" width=\"193\" height=\"548\" srcset=\"https:\/\/shop.bewandert.eu\/wp-content\/uploads\/2017\/01\/\u00dcbersicht.jpg 193w, https:\/\/shop.bewandert.eu\/wp-content\/uploads\/2017\/01\/\u00dcbersicht-106x300.jpg 106w\" sizes=\"(max-width: 193px) 100vw, 193px\" \/><\/td>\n<\/tr>\n<\/tbody>\n<\/table>\n","protected":false},"excerpt":{"rendered":"<h1><\/h1>\n<h2>1 Tag<\/h2>\n<h2>Der Sandberg<\/h2>\n<h3>Wo die Karpaten beginnen<\/h3>\n<p>Jeder unserer Mikrowanderf\u00fchrer enth\u00e4lt eine pr\u00e4zise Wegbeschreibung, N\u00fctzliches von A bis Z, GPS-Daten, ein Kartenausschnitt und jede Menge Geschichten, die wir l\u00e4ngs des Weges finden.<\/p>\n[gallery link=\"file\" columns=\"5\" ids=\"98,97,94,95,96\"]\n","protected":false},"featured_media":48,"comment_status":"closed","ping_status":"closed","template":"","meta":{"_monsterinsights_skip_tracking":false,"_monsterinsights_sitenote_active":false,"_monsterinsights_sitenote_note":"","_monsterinsights_sitenote_category":0},"product_cat":[25],"product_tag":[],"_links":{"self":[{"href":"https:\/\/shop.bewandert.eu\/index.php?rest_route=\/wp\/v2\/product\/47"}],"collection":[{"href":"https:\/\/shop.bewandert.eu\/index.php?rest_route=\/wp\/v2\/product"}],"about":[{"href":"https:\/\/shop.bewandert.eu\/index.php?rest_route=\/wp\/v2\/types\/product"}],"replies":[{"embeddable":true,"href":"https:\/\/shop.bewandert.eu\/index.php?rest_route=%2Fwp%2Fv2%2Fcomments&post=47"}],"wp:featuredmedia":[{"embeddable":true,"href":"https:\/\/shop.bewandert.eu\/index.php?rest_route=\/wp\/v2\/media\/48"}],"wp:attachment":[{"href":"https:\/\/shop.bewandert.eu\/index.php?rest_route=%2Fwp%2Fv2%2Fmedia&parent=47"}],"wp:term":[{"taxonomy":"product_cat","embeddable":true,"href":"https:\/\/shop.bewandert.eu\/index.php?rest_route=%2Fwp%2Fv2%2Fproduct_cat&post=47"},{"taxonomy":"product_tag","embeddable":true,"href":"https:\/\/shop.bewandert.eu\/index.php?rest_route=%2Fwp%2Fv2%2Fproduct_tag&post=47"}],"curies":[{"name":"wp","href":"https:\/\/api.w.org\/{rel}","templated":true}]}}