{"id":53,"date":"2017-01-29T09:56:38","date_gmt":"2017-01-29T08:56:38","guid":{"rendered":"http:\/\/shop.bewandert.eu\/?post_type=product&#038;p=53"},"modified":"2020-01-20T21:44:06","modified_gmt":"2020-01-20T20:44:06","slug":"die-4-felsen-tour","status":"publish","type":"product","link":"https:\/\/shop.bewandert.eu\/?product=die-4-felsen-tour","title":{"rendered":"Slowakei: Die 4-Felsen Tour"},"content":{"rendered":"<table>\n<tbody>\n<tr>\n<td style=\"width: 684px; border-color: #ffffff;\">\n<h1>Die 4-Felsen Tour<\/h1>\n<h2>Quer durch das Vogelgebirge<\/h2>\n<p><em><span style=\"color: #333333;\">Vier<\/span><span style=\"color: #333333;\"> Felsen, vier Etappenziele, eine Tageswanderung. In Jahrmillionen von Vulkanen ausgespuckt und von Wind und Wetter zu skurrilen Felsformationen geschliffen, die hoch \u00fcber den W\u00e4ldern ragen. Dazu zwei Naturreservate mit alten knorrigen Buchen und Eichen, in deren Borken Kobolde zu hausen scheinen. Eine 24 Kilometer lange Wanderung durch das Vogelgebirge, bei der Sie au\u00dferhalb des Gipfels nach aller Wahrscheinlichkeit alleine unterwegs sein werden.<\/span><\/em><\/p>\n<p style=\"margin-top: 6pt; margin-right: 0cm; margin-bottom: 6pt; line-height: 150%; background-image: initial; background-position: initial; background-repeat: initial; background-attachment: initial;\"><span style=\"color: #333333;\">Das slowakische Vogelgebirge (Vt\u00e1\u010dnik) befindet sich etwa 160 Kilometer nord\u00f6stlich von Bratislava in der Mitte der Slowakei und geh\u00f6rt zu dem Landschaftsschutzgebiet Ponitrie. \u00a0Geomorphologisch geh\u00f6rt das Vogelgebirge zu den Inneren Westkarpaten, zwischen dem Tribetzgebirge (Tr\u00edbe\u010d) im Westen und den Schemnitzer Bergen (\u0160tiavnick\u00e9 Vrchy) und Kremnitzer Bergen (Kremnick\u00e9 vrchy) im Osten.<\/span><\/p>\n<p><span style=\"color: #333333;\">Streckenverlauf: Klak \u2013 Vt\u00e1<\/span><span style=\"color: #333333;\">\u010dnik \u2013 Kl\u00e1\u0161torsk\u00e1 Skala \u2013 Vt\u00e1\u010dnik &#8211; R\u00fabany Vrch &#8211; Buchlov-\u00a0 Sedlo pod \u017darnovom\u00a0 -\u2013 \u017darnov &#8211; Os\u013eany<\/span><\/p>\n<p><span style=\"color: inherit; font-family: inherit; font-size: inherit;\"><span style=\"font-size: 11pt; line-height: 115%; font-family: Calibri, sans-serif; color: #333333;\">Die Tour beginnt in Klak, einem Dorf mit lustigen Namen, aber einer \u00fcberaus tragischen Geschichte\u00a0<\/span>&#8230;\u00a0<\/span><\/p>\n<p>&nbsp;<\/p>\n<p>&nbsp;<\/p>\n<p>&nbsp;<\/td>\n<td style=\"width: 304px; border-color: #ffffff; background-color: #e8d7c4;\"><img decoding=\"async\" loading=\"lazy\" class=\"aligncenter size-full wp-image-55\" src=\"http:\/\/shop.bewandert.eu\/wp-content\/uploads\/2017\/01\/Seitenleiste_4-Felsen_Tour.jpg\" alt=\"\" width=\"215\" height=\"506\" srcset=\"https:\/\/shop.bewandert.eu\/wp-content\/uploads\/2017\/01\/Seitenleiste_4-Felsen_Tour.jpg 215w, https:\/\/shop.bewandert.eu\/wp-content\/uploads\/2017\/01\/Seitenleiste_4-Felsen_Tour-127x300.jpg 127w\" sizes=\"(max-width: 215px) 100vw, 215px\" \/><\/td>\n<\/tr>\n<\/tbody>\n<\/table>\n","protected":false},"excerpt":{"rendered":"<h2>1 Tag<\/h2>\n<h2>Die 4-Felsen Tour<\/h2>\n<h3>Quer durch das Vogelgebirge<\/h3>\n<p>Jeder unserer Mikrowanderf\u00fchrer enth\u00e4lt eine pr\u00e4zise Wegbeschreibung, N\u00fctzliches von A bis Z, GPS-Daten, ein Kartenausschnitt und jede Menge Geschichten, die wir l\u00e4ngs des Weges finden.<\/p>\n[gallery columns=\"5\" link=\"file\" ids=\"36,100,103,101,102\"]\n<p>&nbsp;<\/p>\n","protected":false},"featured_media":36,"comment_status":"closed","ping_status":"closed","template":"","meta":{"_monsterinsights_skip_tracking":false,"_monsterinsights_sitenote_active":false,"_monsterinsights_sitenote_note":"","_monsterinsights_sitenote_category":0},"product_cat":[25],"product_tag":[],"_links":{"self":[{"href":"https:\/\/shop.bewandert.eu\/index.php?rest_route=\/wp\/v2\/product\/53"}],"collection":[{"href":"https:\/\/shop.bewandert.eu\/index.php?rest_route=\/wp\/v2\/product"}],"about":[{"href":"https:\/\/shop.bewandert.eu\/index.php?rest_route=\/wp\/v2\/types\/product"}],"replies":[{"embeddable":true,"href":"https:\/\/shop.bewandert.eu\/index.php?rest_route=%2Fwp%2Fv2%2Fcomments&post=53"}],"wp:featuredmedia":[{"embeddable":true,"href":"https:\/\/shop.bewandert.eu\/index.php?rest_route=\/wp\/v2\/media\/36"}],"wp:attachment":[{"href":"https:\/\/shop.bewandert.eu\/index.php?rest_route=%2Fwp%2Fv2%2Fmedia&parent=53"}],"wp:term":[{"taxonomy":"product_cat","embeddable":true,"href":"https:\/\/shop.bewandert.eu\/index.php?rest_route=%2Fwp%2Fv2%2Fproduct_cat&post=53"},{"taxonomy":"product_tag","embeddable":true,"href":"https:\/\/shop.bewandert.eu\/index.php?rest_route=%2Fwp%2Fv2%2Fproduct_tag&post=53"}],"curies":[{"name":"wp","href":"https:\/\/api.w.org\/{rel}","templated":true}]}}